{"id":12,"date":"2020-10-18T19:09:02","date_gmt":"2020-10-18T17:09:02","guid":{"rendered":"https:\/\/immbiomed.de\/en\/?page_id=12"},"modified":"2020-11-17T11:21:13","modified_gmt":"2020-11-17T10:21:13","slug":"home","status":"publish","type":"page","link":"https:\/\/immbiomed.de\/en\/","title":{"rendered":"Home"},"content":{"rendered":"<p>[et_pb_section fb_built=&#8221;1&#8243; admin_label=&#8221;Service Section&#8221; _builder_version=&#8221;4.5.2&#8243; min_height=&#8221;414px&#8221; custom_margin=&#8221;|||&#8221; custom_padding=&#8221;24px||70px|||&#8221;][et_pb_row _builder_version=&#8221;4.5.2&#8243; _module_preset=&#8221;default&#8221; custom_padding=&#8221;||18px|||&#8221;][et_pb_column type=&#8221;4_4&#8243; _builder_version=&#8221;4.5.2&#8243; _module_preset=&#8221;default&#8221;][et_pb_text _builder_version=&#8221;4.5.2&#8243; _module_preset=&#8221;default&#8221; min_height=&#8221;242px&#8221; custom_margin=&#8221;-11px||40px|||&#8221; custom_margin_tablet=&#8221;&#8221; custom_margin_phone=&#8221;&#8221; custom_margin_last_edited=&#8221;on|tablet&#8221; custom_padding=&#8221;5px|330px|0px||false|false&#8221; custom_padding_tablet=&#8221;|0px|||false|false&#8221; custom_padding_phone=&#8221;&#8221; custom_padding_last_edited=&#8221;on|phone&#8221; inline_fonts=&#8221;ABeeZee,Abel&#8221;]<\/p>\n<p>The central factors for the success of companies are innovative offers and effective information of relevant target groups about these offers.\u00a0<\/p>\n<p>ImmBioMed supports laboratory physicians&#8217; practices as well as companies in the diagnostics sector in the core processes of &#8220;offer innovation&#8221;, &#8220;development of innovative products&#8221; and &#8220;target group-focused communication&#8221;.<span style=\"font-size: 16px\">\u00a0<\/span><\/p>\n<p>ImmBioMed&#8217;s services are based on medical expertise, the use of the Internet in a target-oriented and cost-effective manner, and the availability of its own laboratory infrastructure in the Heidelberg Biotechnology Park.<\/p>\n<p>[\/et_pb_text][et_pb_text _builder_version=&#8221;4.6.5&#8243; _module_preset=&#8221;default&#8221; custom_margin=&#8221;||-11px|||&#8221; custom_padding=&#8221;||0px|||&#8221;]<\/p>\n<h1 style=\"text-align: center\"><b>Product- and Serviceportfolio<\/b><\/h1>\n<p style=\"text-align: center\">\n<p>[\/et_pb_text][\/et_pb_column][\/et_pb_row][et_pb_row column_structure=&#8221;1_3,1_3,1_3&#8243; use_custom_gutter=&#8221;on&#8221; gutter_width=&#8221;2&#8243; make_equal=&#8221;on&#8221; admin_label=&#8221;Services&#8221; _builder_version=&#8221;4.6.5&#8243; custom_margin=&#8221;|auto||auto|false|false&#8221; custom_padding=&#8221;||||false|false&#8221; use_custom_width=&#8221;on&#8221; width_unit=&#8221;off&#8221;][et_pb_column type=&#8221;1_3&#8243; _builder_version=&#8221;4.6.5&#8243; custom_padding=&#8221;30px|30px|95px|30px|false|false&#8221; box_shadow_style=&#8221;preset1&#8243; custom_padding__hover=&#8221;|||&#8221;][et_pb_blurb title=&#8221;Innovation &amp; Communication&#8221; url=&#8221;https:\/\/immbiomed.de\/en\/innovation-communication\/&#8221; use_icon=&#8221;on&#8221; font_icon=&#8221;%%101%%&#8221; use_icon_font_size=&#8221;on&#8221; icon_font_size=&#8221;60px&#8221; _builder_version=&#8221;4.6.5&#8243; header_font=&#8221;Montserrat|on|||&#8221; header_text_color=&#8221;#353740&#8243; header_font_size=&#8221;22px&#8221; header_line_height=&#8221;1.4em&#8221; body_font=&#8221;Open Sans||||||||&#8221; body_text_color=&#8221;#747d88&#8243; text_orientation=&#8221;center&#8221; width=&#8221;100%&#8221; min_height_tablet=&#8221;0px&#8221; min_height_phone=&#8221;&#8221; min_height_last_edited=&#8221;on|tablet&#8221; custom_margin=&#8221;|92px|||false|false&#8221; custom_margin_tablet=&#8221;|auto||auto|false|false&#8221; custom_margin_phone=&#8221;&#8221; custom_margin_last_edited=&#8221;on|tablet&#8221; custom_padding=&#8221;||||false|false&#8221; animation=&#8221;off&#8221; hover_enabled=&#8221;0&#8243; border_width_all=&#8221;0px&#8221; border_color_all=&#8221;#dddddd&#8221; border_style_all=&#8221;solid&#8221; use_border_color=&#8221;on&#8221; border_color=&#8221;#dddddd&#8221; url_new_window=&#8221;on&#8221; sticky_enabled=&#8221;0&#8243;]<\/p>\n<p>Consulting and planning services for the identification, concept development and planning of innovative offers in the field of medical diagnostics.<\/p>\n<p>[\/et_pb_blurb][et_pb_button button_url=&#8221;https:\/\/immbiomed.de\/en\/innovation-communication\/&#8221; button_text=&#8221;More info&#8221; button_alignment=&#8221;center&#8221; _builder_version=&#8221;4.6.5&#8243; _module_preset=&#8221;default&#8221; positioning=&#8221;absolute&#8221; position_origin_a=&#8221;bottom_center&#8221; vertical_offset=&#8221;30px&#8221;][\/et_pb_button][\/et_pb_column][et_pb_column type=&#8221;1_3&#8243; _builder_version=&#8221;4.6.5&#8243; custom_padding=&#8221;30px|30px|95px|30px|false|false&#8221; box_shadow_style=&#8221;preset1&#8243; custom_padding__hover=&#8221;|||&#8221;][et_pb_blurb title=&#8221;Laboratory infrastructure &amp; Production&#8221; url=&#8221;https:\/\/immbiomed.de\/en\/laboratory-infrastructure-production\/&#8221; use_icon=&#8221;on&#8221; font_icon=&#8221;%%144%%&#8221; use_icon_font_size=&#8221;on&#8221; icon_font_size=&#8221;60px&#8221; _builder_version=&#8221;4.6.5&#8243; header_font=&#8221;Montserrat|on|||&#8221; header_text_color=&#8221;#353740&#8243; header_font_size=&#8221;22px&#8221; header_line_height=&#8221;1.4em&#8221; body_font=&#8221;Open Sans||||||||&#8221; body_text_color=&#8221;#747d88&#8243; text_orientation=&#8221;center&#8221; width=&#8221;100%&#8221; min_height_tablet=&#8221;&#8221; min_height_phone=&#8221;&#8221; min_height_last_edited=&#8221;on|tablet&#8221; custom_margin=&#8221;||||false|false&#8221; custom_padding=&#8221;||||false|false&#8221; animation=&#8221;off&#8221; hover_enabled=&#8221;0&#8243; border_width_all=&#8221;0px&#8221; border_color_all=&#8221;#dddddd&#8221; border_style_all=&#8221;solid&#8221; use_border_color=&#8221;on&#8221; border_color=&#8221;#dddddd&#8221; url_new_window=&#8221;on&#8221; sticky_enabled=&#8221;0&#8243;]<\/p>\n<p>Infrastructure for practical laboratory work including production of reagents and test sets (Research Use Only; RUO) in the fields of immunology and molecular biology.<\/p>\n<p><span style=\"font-size: 16px\"><\/span><\/p>\n<p>[\/et_pb_blurb][et_pb_button button_url=&#8221;https:\/\/immbiomed.de\/en\/laboratory-infrastructure-production\/&#8221; button_text=&#8221;More info&#8221; button_alignment=&#8221;center&#8221; _builder_version=&#8221;4.6.5&#8243; _module_preset=&#8221;default&#8221; positioning=&#8221;absolute&#8221; position_origin_a=&#8221;bottom_center&#8221; vertical_offset=&#8221;30px&#8221;][\/et_pb_button][\/et_pb_column][et_pb_column type=&#8221;1_3&#8243; _builder_version=&#8221;4.6.5&#8243; custom_padding=&#8221;30px|30px|95px|30px|false|false&#8221; box_shadow_style=&#8221;preset1&#8243; custom_padding__hover=&#8221;|||&#8221;][et_pb_blurb title=&#8221;Development &amp; Documentation&#8221; url=&#8221;https:\/\/immbiomed.de\/en\/development-documentation\/&#8221; use_icon=&#8221;on&#8221; font_icon=&#8221;%%176%%&#8221; use_icon_font_size=&#8221;on&#8221; icon_font_size=&#8221;60px&#8221; _builder_version=&#8221;4.6.5&#8243; header_font=&#8221;Montserrat|on|||&#8221; header_text_color=&#8221;#353740&#8243; header_font_size=&#8221;22px&#8221; header_line_height=&#8221;1.4em&#8221; body_font=&#8221;Open Sans||||||||&#8221; body_text_color=&#8221;#747d88&#8243; text_orientation=&#8221;center&#8221; width=&#8221;100%&#8221; min_height_tablet=&#8221;&#8221; min_height_phone=&#8221;&#8221; min_height_last_edited=&#8221;on|tablet&#8221; custom_margin=&#8221;||||false|false&#8221; custom_padding=&#8221;||||false|false&#8221; animation=&#8221;off&#8221; hover_enabled=&#8221;0&#8243; border_width_all=&#8221;0px&#8221; border_color_all=&#8221;#dddddd&#8221; border_style_all=&#8221;solid&#8221; use_border_color=&#8221;on&#8221; border_color=&#8221;#dddddd&#8221; url_new_window=&#8221;on&#8221; sticky_enabled=&#8221;0&#8243;]<\/p>\n<p>Development services from conception to practical production of laboratory reagents or test kits (RUO &amp; IVD).<\/p>\n<p>[\/et_pb_blurb][et_pb_button button_url=&#8221;https:\/\/immbiomed.de\/en\/development-documentation\/&#8221; button_text=&#8221;More info&#8221; button_alignment=&#8221;center&#8221; _builder_version=&#8221;4.6.5&#8243; _module_preset=&#8221;default&#8221; positioning=&#8221;absolute&#8221; position_origin_a=&#8221;bottom_center&#8221; vertical_offset=&#8221;30px&#8221;][\/et_pb_button][\/et_pb_column][\/et_pb_row][\/et_pb_section]<\/p>\n","protected":false},"excerpt":{"rendered":"<p>The central factors for the success of companies are innovative offers and effective information of relevant target groups about these offers.\u00a0 ImmBioMed supports laboratory physicians&#8217; practices as well as companies in the diagnostics sector in the core processes of &#8220;offer innovation&#8221;, &#8220;development of innovative products&#8221; and &#8220;target group-focused communication&#8221;.\u00a0 ImmBioMed&#8217;s services are based on medical [&hellip;]<\/p>\n","protected":false},"author":1,"featured_media":0,"parent":0,"menu_order":0,"comment_status":"closed","ping_status":"closed","template":"","meta":{"_et_pb_use_builder":"on","_et_pb_old_content":"<!-- wp:group -->\n<div class=\"wp-block-group\"><div class=\"wp-block-group__inner-container\"><!-- wp:html -->\n[et_pb_section fb_built=\"1\" admin_label=\"Service Section\" _builder_version=\"4.5.2\" min_height=\"414px\" custom_margin=\"|||\" custom_padding=\"24px||70px|||\"][et_pb_row _builder_version=\"4.5.2\" _module_preset=\"default\" custom_padding=\"||18px|||\"][et_pb_column type=\"4_4\" _builder_version=\"4.5.2\" _module_preset=\"default\"][et_pb_text _builder_version=\"4.5.2\" _module_preset=\"default\" min_height=\"242px\" custom_margin=\"-11px||40px|||\" custom_margin_tablet=\"\" custom_margin_phone=\"\" custom_margin_last_edited=\"on|tablet\" custom_padding=\"5px|330px|0px||false|false\" custom_padding_tablet=\"|0px|||false|false\" custom_padding_phone=\"\" custom_padding_last_edited=\"on|phone\" inline_fonts=\"ABeeZee,Abel\"]Die zentralen Faktoren f\u00fcr den Erfolg von Unternehmen sind innovative Angebote und effektive Information relevanter Zielgruppen \u00fcber dieses Angebot.\n\nImmBioMed unterst\u00fctzt Laborarzt-Praxen sowie Unternehmen der Diagnostika-Branche bei den Kernprozessen \u201eAngebots-Innovation\u201c, \u201eEntwicklung innovativer Produkte\u201c und \u201ezielgruppen-fokussierter Kommunikation\u201c.\n\nDabei st\u00fctzen sich die Leistungen von ImmBioMed auf medizinischen Sachverstand, die Nutzung des Internets in zielf\u00fchrender und kosteng\u00fcnstiger Art und Weise, sowie die Verf\u00fcgbarkeit eigener Labor-Infrastruktur im Biotechnologie-Park Heidelberg.[\/et_pb_text][et_pb_text _builder_version=\"4.5.2\" _module_preset=\"default\" custom_margin=\"||-11px|||\" custom_padding=\"||0px|||\"]<h1 style=\"text-align: center;\"><strong>Produkt- und Dienstleitungsangebot<\/strong><\/h1>\n\n<p style=\"text-align: center;\"> <\/p>[\/et_pb_text][\/et_pb_column][\/et_pb_row][et_pb_row column_structure=\"1_3,1_3,1_3\" use_custom_gutter=\"on\" gutter_width=\"2\" make_equal=\"on\" admin_label=\"Services\" _builder_version=\"4.6.5\" custom_margin=\"|auto||auto|false|false\" custom_padding=\"||||false|false\" hover_enabled=\"0\" use_custom_width=\"on\" width_unit=\"off\" sticky_enabled=\"0\"][et_pb_column type=\"1_3\" _builder_version=\"4.6.5\" custom_padding=\"30px|30px|95px|30px|false|false\" hover_enabled=\"0\" box_shadow_style=\"preset1\" custom_padding__hover=\"|||\" sticky_enabled=\"0\"][et_pb_blurb title=\"Innovation & Kommunikation\" url=\"https:\/\/immbiomed.de\/produkt-und-dienstleistungs-angebot\/innovation-kommunikation\/\" use_icon=\"on\" font_icon=\"%%101%%\" use_icon_font_size=\"on\" icon_font_size=\"60px\" _builder_version=\"4.6.5\" header_font=\"Montserrat|on|||\" header_text_color=\"#353740\" header_font_size=\"22px\" header_line_height=\"1.4em\" body_font=\"Open Sans||||||||\" body_text_color=\"#747d88\" text_orientation=\"center\" width=\"100%\" min_height_tablet=\"0px\" min_height_phone=\"\" min_height_last_edited=\"on|tablet\" custom_margin=\"|92px|||false|false\" custom_margin_tablet=\"|auto||auto|false|false\" custom_margin_phone=\"\" custom_margin_last_edited=\"on|tablet\" custom_padding=\"||||false|false\" animation=\"off\" border_width_all=\"0px\" border_color_all=\"#dddddd\" border_style_all=\"solid\" use_border_color=\"on\" border_color=\"#dddddd\"]Beratungs- und Planungs-Dienstleistungen f\u00fcr die Identifikation, Konzeptentwicklung und Planung innovativer Angebote im Bereich der medizinischen Diagnostik.[\/et_pb_blurb][et_pb_button button_url=\"https:\/\/immbiomed.de\/produkt-und-dienstleistungs-angebot\/innovation-kommunikation\/\" button_text=\"Mehr Info\" button_alignment=\"center\" _builder_version=\"4.6.5\" _module_preset=\"default\" positioning=\"absolute\" position_origin_a=\"bottom_center\" vertical_offset=\"30px\"][\/et_pb_button][\/et_pb_column][et_pb_column type=\"1_3\" _builder_version=\"4.6.5\" custom_padding=\"30px|30px|95px|30px|false|false\" box_shadow_style=\"preset1\" custom_padding__hover=\"|||\"][et_pb_blurb title=\"Laborinfrastruktur & Produktion\" url=\"https:\/\/immbiomed.de\/produkt-und-dienstleistungs-angebot\/laborinfrastruktur-produktion\/\" use_icon=\"on\" font_icon=\"%%144%%\" use_icon_font_size=\"on\" icon_font_size=\"60px\" _builder_version=\"4.6.5\" header_font=\"Montserrat|on|||\" header_text_color=\"#353740\" header_font_size=\"22px\" header_line_height=\"1.4em\" body_font=\"Open Sans||||||||\" body_text_color=\"#747d88\" text_orientation=\"center\" width=\"100%\" min_height_tablet=\"\" min_height_phone=\"\" min_height_last_edited=\"on|tablet\" custom_margin=\"||||false|false\" custom_padding=\"||||false|false\" animation=\"off\" border_width_all=\"0px\" border_color_all=\"#dddddd\" border_style_all=\"solid\" use_border_color=\"on\" border_color=\"#dddddd\"]<p>Infrastruktur f\u00fcr praktische Laborarbeiten inkl. Produktion von Reagenzien und Testsets (Research Use Only; RUO) in den Bereichen Immunologie und Molekularbiologie.<\/p>\n\n<p><span style=\"font-size: 16px;\"><\/span><\/p>[\/et_pb_blurb][et_pb_button button_url=\"https:\/\/immbiomed.de\/produkt-und-dienstleistungs-angebot\/laborinfrastruktur-produktion\/\" button_text=\"Mehr Info\" button_alignment=\"center\" _builder_version=\"4.6.5\" _module_preset=\"default\" positioning=\"absolute\" position_origin_a=\"bottom_center\" vertical_offset=\"30px\"][\/et_pb_button][\/et_pb_column][et_pb_column type=\"1_3\" _builder_version=\"4.6.5\" custom_padding=\"30px|30px|95px|30px|false|false\" box_shadow_style=\"preset1\" custom_padding__hover=\"|||\"][et_pb_blurb title=\"Entwicklung & Dokumentation\" url=\"https:\/\/immbiomed.de\/produkt-und-dienstleistungs-angebot\/entwicklung-dokumentation\/\" use_icon=\"on\" font_icon=\"%%176%%\" use_icon_font_size=\"on\" icon_font_size=\"60px\" _builder_version=\"4.6.5\" header_font=\"Montserrat|on|||\" header_text_color=\"#353740\" header_font_size=\"22px\" header_line_height=\"1.4em\" body_font=\"Open Sans||||||||\" body_text_color=\"#747d88\" text_orientation=\"center\" width=\"100%\" min_height_tablet=\"\" min_height_phone=\"\" min_height_last_edited=\"on|tablet\" custom_margin=\"||||false|false\" custom_padding=\"||||false|false\" animation=\"off\" border_width_all=\"0px\" border_color_all=\"#dddddd\" border_style_all=\"solid\" use_border_color=\"on\" border_color=\"#dddddd\"]<p>Entwicklungsdienstleistungen von der Konzeption bis zur praktischen Herstellung von Labor-Reagenzien bzw. Testsets (RUO &amp; IVD).<\/p>[\/et_pb_blurb][et_pb_button button_url=\"https:\/\/immbiomed.de\/produkt-und-dienstleistungs-angebot\/entwicklung-dokumentation\/\" button_text=\"Mehr Info\" button_alignment=\"center\" _builder_version=\"4.6.5\" _module_preset=\"default\" positioning=\"absolute\" position_origin_a=\"bottom_center\" vertical_offset=\"30px\"][\/et_pb_button][\/et_pb_column][\/et_pb_row][\/et_pb_section]\n\nDie zentralen Faktoren f\u00fcr den Erfolg von Unternehmen sind innovative Angebote und effektive Information relevanter Zielgruppen \u00fcber dieses Angebot.\nImmBioMed unterst\u00fctzt Laborarzt-Praxen sowie Unternehmen der Diagnostika-Branche bei den Kernprozessen \u201eAngebots-Innovation\u201c, \u201eEntwicklung innovativer Produkte\u201c und \u201ezielgruppen-fokussierter Kommunikation\u201c.\nDabei st\u00fctzen sich die Leistungen von ImmBioMed auf medizinischen Sachverstand, die Nutzung des Internets in zielf\u00fchrender und kosteng\u00fcnstiger Art und Weise, sowie die Verf\u00fcgbarkeit eigener Labor-Infrastruktur im Biotechnologie-Park Heidelberg.\n<!-- \/wp:html --><\/div><\/div>\n<!-- \/wp:group -->","_et_gb_content_width":"","footnotes":""},"class_list":["post-12","page","type-page","status-publish","hentry"],"_links":{"self":[{"href":"https:\/\/immbiomed.de\/en\/wp-json\/wp\/v2\/pages\/12","targetHints":{"allow":["GET"]}}],"collection":[{"href":"https:\/\/immbiomed.de\/en\/wp-json\/wp\/v2\/pages"}],"about":[{"href":"https:\/\/immbiomed.de\/en\/wp-json\/wp\/v2\/types\/page"}],"author":[{"embeddable":true,"href":"https:\/\/immbiomed.de\/en\/wp-json\/wp\/v2\/users\/1"}],"replies":[{"embeddable":true,"href":"https:\/\/immbiomed.de\/en\/wp-json\/wp\/v2\/comments?post=12"}],"version-history":[{"count":12,"href":"https:\/\/immbiomed.de\/en\/wp-json\/wp\/v2\/pages\/12\/revisions"}],"predecessor-version":[{"id":84,"href":"https:\/\/immbiomed.de\/en\/wp-json\/wp\/v2\/pages\/12\/revisions\/84"}],"wp:attachment":[{"href":"https:\/\/immbiomed.de\/en\/wp-json\/wp\/v2\/media?parent=12"}],"curies":[{"name":"wp","href":"https:\/\/api.w.org\/{rel}","templated":true}]}}